{"id":154,"date":"2024-09-29T17:09:13","date_gmt":"2024-09-29T17:09:13","guid":{"rendered":"https:\/\/colorsartclub.com\/?page_id=154"},"modified":"2024-09-29T17:10:13","modified_gmt":"2024-09-29T17:10:13","slug":"arte-texturizado","status":"publish","type":"page","link":"https:\/\/colorsartclub.com\/en\/arte-texturizado\/","title":{"rendered":"Arte Texturizado"},"content":{"rendered":"<p><br>Nuestro Arte Texturizado es una experiencia \u00fanica que combina pintura y arcilla, d\u00e1ndole vida a una obra tridimensional que destacar\u00e1 en cualquier espacio, \u00a1sin necesidad de gafas 3D! Ya seas un principiante o alguien con experiencia, te guiamos paso a paso para que puedas crear una pieza de arte con textura desde cero, transformando tus ideas en una obra visualmente cautivadora.<\/p><p>Actualmente, ofrecemos la obra de arte texturizada inspirada en <\/p><p><strong>Frida Kahlo<\/strong>, una pieza vibrante y llena de personalidad que celebra el esp\u00edritu de esta ic\u00f3nica artista. <\/p><p><strong>Flores coloridas<\/strong>, un proceso tan satisfactoria de hacer eligiras tu propia paleta de color<\/p><p>Al unirte a nosotros, tendr\u00e1s la oportunidad de crear tu propia versi\u00f3n, explorando colores y texturas como nunca antes.<\/p><p>\u00bfEst\u00e1s listo para darle vida a tu propio arte texturizado? \u00a1Descubre esta incre\u00edble experiencia en nuestro estudio local y crea algo que quedar\u00e1 para siempre en tu hogar!<\/p><div style=\"height:100px\" aria-hidden=\"true\" class=\"wp-block-spacer\"><\/div><div class=\"wp-block-buttons is-content-justification-center is-layout-flex wp-container-core-buttons-is-layout-1 wp-block-buttons-is-layout-flex\"><div class=\"wp-block-button has-custom-font-size is-style-fill\" style=\"font-size:25px\"><a class=\"wp-block-button__link has-black-color has-vivid-red-background-color has-text-color has-background has-link-color has-text-align-center wp-element-button\" href=\"https:\/\/colorsartclub.com\/en\/shop\/\" style=\"border-radius:37px\">Encuentra tu proximo taller aqui<\/a><\/div><\/div><div style=\"height:100px\" aria-hidden=\"true\" class=\"wp-block-spacer\"><\/div><div class=\"wp-block-cover\" style=\"min-height:232px;aspect-ratio:unset;\"><span aria-hidden=\"true\" class=\"wp-block-cover__background has-background-dim\"><\/span><img loading=\"lazy\" decoding=\"async\" width=\"768\" height=\"1024\" class=\"wp-block-cover__image-background wp-image-110\" alt=\"\" src=\"https:\/\/colorsartclub.com\/wp-content\/uploads\/2024\/09\/cadre-sunset-vallarta-13-768x1024.png\" data-object-fit=\"cover\" srcset=\"https:\/\/colorsartclub.com\/wp-content\/uploads\/2024\/09\/cadre-sunset-vallarta-13-768x1024.png 768w, https:\/\/colorsartclub.com\/wp-content\/uploads\/2024\/09\/cadre-sunset-vallarta-13-246x328.png 246w, https:\/\/colorsartclub.com\/wp-content\/uploads\/2024\/09\/cadre-sunset-vallarta-13-600x800.png 600w, https:\/\/colorsartclub.com\/wp-content\/uploads\/2024\/09\/cadre-sunset-vallarta-13-225x300.png 225w, https:\/\/colorsartclub.com\/wp-content\/uploads\/2024\/09\/cadre-sunset-vallarta-13-1152x1536.png 1152w, https:\/\/colorsartclub.com\/wp-content\/uploads\/2024\/09\/cadre-sunset-vallarta-13-1536x2048.png 1536w, https:\/\/colorsartclub.com\/wp-content\/uploads\/2024\/09\/cadre-sunset-vallarta-13.png 1728w\" sizes=\"(max-width: 768px) 100vw, 768px\" \/><div class=\"wp-block-cover__inner-container is-layout-flow wp-block-cover-is-layout-flow\"><p class=\"has-text-align-center has-large-font-size\"><a href=\"https:\/\/colorsartclub.com\/en\/product\/textured-colored-flowers\/\">Flores coloridas<\/a><\/p><\/div><\/div><p><\/p>","protected":false},"excerpt":{"rendered":"<p>Nuestro Arte Texturizado es una experiencia \u00fanica que combina pintura y arcilla, d\u00e1ndole vida a una obra tridimensional que destacar\u00e1 [&hellip;]<\/p>","protected":false},"author":1,"featured_media":0,"parent":0,"menu_order":0,"comment_status":"closed","ping_status":"closed","template":"","meta":{"site-sidebar-layout":"default","site-content-layout":"","ast-site-content-layout":"default","site-content-style":"default","site-sidebar-style":"default","ast-global-header-display":"","ast-banner-title-visibility":"","ast-main-header-display":"","ast-hfb-above-header-display":"","ast-hfb-below-header-display":"","ast-hfb-mobile-header-display":"","site-post-title":"","ast-breadcrumbs-content":"","ast-featured-img":"","footer-sml-layout":"","ast-disable-related-posts":"","theme-transparent-header-meta":"","adv-header-id-meta":"","stick-header-meta":"","header-above-stick-meta":"","header-main-stick-meta":"","header-below-stick-meta":"","astra-migrate-meta-layouts":"default","ast-page-background-enabled":"default","ast-page-background-meta":{"desktop":{"background-color":"var(--ast-global-color-4)","background-image":"","background-repeat":"repeat","background-position":"center center","background-size":"auto","background-attachment":"scroll","background-type":"","background-media":"","overlay-type":"","overlay-color":"","overlay-opacity":"","overlay-gradient":""},"tablet":{"background-color":"","background-image":"","background-repeat":"repeat","background-position":"center center","background-size":"auto","background-attachment":"scroll","background-type":"","background-media":"","overlay-type":"","overlay-color":"","overlay-opacity":"","overlay-gradient":""},"mobile":{"background-color":"","background-image":"","background-repeat":"repeat","background-position":"center center","background-size":"auto","background-attachment":"scroll","background-type":"","background-media":"","overlay-type":"","overlay-color":"","overlay-opacity":"","overlay-gradient":""}},"ast-content-background-meta":{"desktop":{"background-color":"var(--ast-global-color-5)","background-image":"","background-repeat":"repeat","background-position":"center center","background-size":"auto","background-attachment":"scroll","background-type":"","background-media":"","overlay-type":"","overlay-color":"","overlay-opacity":"","overlay-gradient":""},"tablet":{"background-color":"var(--ast-global-color-5)","background-image":"","background-repeat":"repeat","background-position":"center center","background-size":"auto","background-attachment":"scroll","background-type":"","background-media":"","overlay-type":"","overlay-color":"","overlay-opacity":"","overlay-gradient":""},"mobile":{"background-color":"var(--ast-global-color-5)","background-image":"","background-repeat":"repeat","background-position":"center center","background-size":"auto","background-attachment":"scroll","background-type":"","background-media":"","overlay-type":"","overlay-color":"","overlay-opacity":"","overlay-gradient":""}},"footnotes":""},"class_list":["post-154","page","type-page","status-publish","hentry"],"_links":{"self":[{"href":"https:\/\/colorsartclub.com\/en\/wp-json\/wp\/v2\/pages\/154"}],"collection":[{"href":"https:\/\/colorsartclub.com\/en\/wp-json\/wp\/v2\/pages"}],"about":[{"href":"https:\/\/colorsartclub.com\/en\/wp-json\/wp\/v2\/types\/page"}],"author":[{"embeddable":true,"href":"https:\/\/colorsartclub.com\/en\/wp-json\/wp\/v2\/users\/1"}],"replies":[{"embeddable":true,"href":"https:\/\/colorsartclub.com\/en\/wp-json\/wp\/v2\/comments?post=154"}],"version-history":[{"count":2,"href":"https:\/\/colorsartclub.com\/en\/wp-json\/wp\/v2\/pages\/154\/revisions"}],"predecessor-version":[{"id":165,"href":"https:\/\/colorsartclub.com\/en\/wp-json\/wp\/v2\/pages\/154\/revisions\/165"}],"wp:attachment":[{"href":"https:\/\/colorsartclub.com\/en\/wp-json\/wp\/v2\/media?parent=154"}],"curies":[{"name":"wp","href":"https:\/\/api.w.org\/{rel}","templated":true}]}}