{"id":555,"date":"2024-12-09T19:26:32","date_gmt":"2024-12-09T19:26:32","guid":{"rendered":"https:\/\/colorsartclub.com\/?page_id=555"},"modified":"2024-12-09T19:26:32","modified_gmt":"2024-12-09T19:26:32","slug":"kits-de-pintura","status":"publish","type":"page","link":"https:\/\/colorsartclub.com\/en\/kits-de-pintura\/","title":{"rendered":"Kits de pintura"},"content":{"rendered":"<p class=\"has-vivid-red-color has-text-color has-link-color has-x-large-font-size wp-elements-588faa039fa5a38b8237371da4d1cc4f\"><strong>Colors art club at home<\/strong><\/p><p class=\"has-medium-font-size\">! Conviertete en artiste desde tu casa!<\/p><p class=\"has-medium-font-size\">Tu decides el lugar , la hora para pintar tu cuadro favorito, preparamos diferentes kits para cualquier ocasi\u00f3n, temporada o gustos.<\/p><p class=\"has-text-align-center has-ast-global-color-3-color has-text-color has-link-color has-x-large-font-size wp-elements-c9f2f9eebead6ecc840748a9d64982b5\"><strong>Kit de pintura<\/strong><\/p><div class=\"wp-block-media-text is-stacked-on-mobile has-background\" style=\"background-color:#c9e9ff\"><figure class=\"wp-block-media-text__media\"><img loading=\"lazy\" decoding=\"async\" width=\"1024\" height=\"1024\" src=\"https:\/\/colorsartclub.com\/wp-content\/uploads\/2024\/12\/2\u00b0-semana-november-25-1024x1024.png\" alt=\"\" class=\"wp-image-615 size-full\" srcset=\"https:\/\/colorsartclub.com\/wp-content\/uploads\/2024\/12\/2\u00b0-semana-november-25-1024x1024.png 1024w, https:\/\/colorsartclub.com\/wp-content\/uploads\/2024\/12\/2\u00b0-semana-november-25-300x300.png 300w, https:\/\/colorsartclub.com\/wp-content\/uploads\/2024\/12\/2\u00b0-semana-november-25-150x150.png 150w, https:\/\/colorsartclub.com\/wp-content\/uploads\/2024\/12\/2\u00b0-semana-november-25-768x768.png 768w, https:\/\/colorsartclub.com\/wp-content\/uploads\/2024\/12\/2\u00b0-semana-november-25-12x12.png 12w, https:\/\/colorsartclub.com\/wp-content\/uploads\/2024\/12\/2\u00b0-semana-november-25-246x246.png 246w, https:\/\/colorsartclub.com\/wp-content\/uploads\/2024\/12\/2\u00b0-semana-november-25-600x600.png 600w, https:\/\/colorsartclub.com\/wp-content\/uploads\/2024\/12\/2\u00b0-semana-november-25-100x100.png 100w, https:\/\/colorsartclub.com\/wp-content\/uploads\/2024\/12\/2\u00b0-semana-november-25.png 1080w\" sizes=\"(max-width: 1024px) 100vw, 1024px\" \/><\/figure><div class=\"wp-block-media-text__content\"><ul class=\"wp-block-list\"><li>Lienzo 30&#215;40 cm trazado a mano con el dise\u00f1o elegido<\/li><\/ul>\n\n<ul class=\"wp-block-list\"><li>2\/3 pinceles seg\u00fan el dise\u00f1o. <\/li><\/ul>\n\n<ul class=\"wp-block-list\"><li>Pinturas acr\u00edlicas necesarias. <\/li><\/ul>\n\n<ul class=\"wp-block-list\"><li>Gu\u00eda para pintar <\/li><\/ul>\n\n<ul class=\"wp-block-list\"><li>Empaquetado seg\u00fan la ocasi\u00f3n<\/li><\/ul>\n\n<p><\/p>\n\n<div class=\"wp-block-buttons is-layout-flex wp-block-buttons-is-layout-flex\"><div class=\"wp-block-button\"><a class=\"wp-block-button__link wp-element-button\" href=\"https:\/\/colorsartclub.com\/en\/catalogo-kit-de-pintura\/\">Descubrir el cat\u00e1logo<\/a><\/div><\/div><\/div><\/div><div class=\"wp-block-media-text has-media-on-the-right is-stacked-on-mobile has-background\" style=\"background-color:#c9e9ff\"><div class=\"wp-block-media-text__content\"><ul class=\"wp-block-list\"><li>Tote bag de  30&#215;40 cm trazado a mano con el dise\u00f1o elegido<\/li><\/ul>\n\n<ul class=\"wp-block-list\"><li>2\/3 pinceles seg\u00fan el dise\u00f1o. <\/li><\/ul>\n\n<ul class=\"wp-block-list\"><li>Pinturas acr\u00edlicas necesarias. <\/li><\/ul>\n\n<ul class=\"wp-block-list\"><li>Gu\u00eda para pintar <\/li><\/ul>\n\n<ul class=\"wp-block-list\"><li>Empaquetado seg\u00fan la ocasi\u00f3n<\/li><\/ul>\n\n<p><\/p>\n\n<div class=\"wp-block-buttons is-layout-flex wp-block-buttons-is-layout-flex\"><div class=\"wp-block-button\"><a class=\"wp-block-button__link wp-element-button\" href=\"https:\/\/colorsartclub.com\/en\/catalogo-kit-de-pintura\/\">Descubrir el cat\u00e1logo<\/a><\/div><\/div><\/div><figure class=\"wp-block-media-text__media\"><img loading=\"lazy\" decoding=\"async\" width=\"1024\" height=\"1024\" src=\"https:\/\/colorsartclub.com\/wp-content\/uploads\/2024\/12\/2\u00b0-semana-november-23-1024x1024.png\" alt=\"\" class=\"wp-image-559 size-full\" srcset=\"https:\/\/colorsartclub.com\/wp-content\/uploads\/2024\/12\/2\u00b0-semana-november-23-1024x1024.png 1024w, https:\/\/colorsartclub.com\/wp-content\/uploads\/2024\/12\/2\u00b0-semana-november-23-300x300.png 300w, https:\/\/colorsartclub.com\/wp-content\/uploads\/2024\/12\/2\u00b0-semana-november-23-150x150.png 150w, https:\/\/colorsartclub.com\/wp-content\/uploads\/2024\/12\/2\u00b0-semana-november-23-768x768.png 768w, https:\/\/colorsartclub.com\/wp-content\/uploads\/2024\/12\/2\u00b0-semana-november-23-12x12.png 12w, https:\/\/colorsartclub.com\/wp-content\/uploads\/2024\/12\/2\u00b0-semana-november-23-246x246.png 246w, https:\/\/colorsartclub.com\/wp-content\/uploads\/2024\/12\/2\u00b0-semana-november-23-600x600.png 600w, https:\/\/colorsartclub.com\/wp-content\/uploads\/2024\/12\/2\u00b0-semana-november-23-100x100.png 100w, https:\/\/colorsartclub.com\/wp-content\/uploads\/2024\/12\/2\u00b0-semana-november-23.png 1080w\" sizes=\"(max-width: 1024px) 100vw, 1024px\" \/><\/figure><\/div><p><\/p><p><\/p><ul class=\"wp-block-list\"><li>Podemos realizar un dise\u00f1o especial , contactanos para conocer tus ideas y hacerlas realidad <\/li><\/ul><p><\/p><p><\/p><h2 class=\"wp-block-heading has-text-align-center has-medium-font-size\">Punto de entrega en nuestro estudio  en Calle Peru 1085, Puerto Vallarta. o env\u00edo a domicilio con un costo adicional de $200.00MXN en zona metropolitana; a partir de la compra de 10 kits el env\u00edo es de cortes\u00eda.<br><br><br>\u00a0<\/h2><p class=\"has-text-align-center has-x-large-font-size\"><strong>Tiempo de elaboraci\u00f3n y entrega de 2 a 4 d\u00edas h\u00e1biles.<\/strong><\/p><h3 class=\"wp-block-heading has-text-align-center\">Escr\u00edbenos para hacer tu pedido: <\/h3><p class=\"has-text-align-center has-x-large-font-size\"><strong>322-238-73-51<\/strong><\/p><p><\/p>","protected":false},"excerpt":{"rendered":"<p>Colors art club at home ! Conviertete en artiste desde tu casa! Tu decides el lugar , la hora para [&hellip;]<\/p>","protected":false},"author":1,"featured_media":0,"parent":0,"menu_order":0,"comment_status":"closed","ping_status":"closed","template":"","meta":{"site-sidebar-layout":"default","site-content-layout":"","ast-site-content-layout":"default","site-content-style":"default","site-sidebar-style":"default","ast-global-header-display":"","ast-banner-title-visibility":"","ast-main-header-display":"","ast-hfb-above-header-display":"","ast-hfb-below-header-display":"","ast-hfb-mobile-header-display":"","site-post-title":"disabled","ast-breadcrumbs-content":"","ast-featured-img":"","footer-sml-layout":"","ast-disable-related-posts":"","theme-transparent-header-meta":"","adv-header-id-meta":"","stick-header-meta":"","header-above-stick-meta":"","header-main-stick-meta":"","header-below-stick-meta":"","astra-migrate-meta-layouts":"default","ast-page-background-enabled":"default","ast-page-background-meta":{"desktop":{"background-color":"var(--ast-global-color-4)","background-image":"","background-repeat":"repeat","background-position":"center center","background-size":"auto","background-attachment":"scroll","background-type":"","background-media":"","overlay-type":"","overlay-color":"","overlay-opacity":"","overlay-gradient":""},"tablet":{"background-color":"","background-image":"","background-repeat":"repeat","background-position":"center center","background-size":"auto","background-attachment":"scroll","background-type":"","background-media":"","overlay-type":"","overlay-color":"","overlay-opacity":"","overlay-gradient":""},"mobile":{"background-color":"","background-image":"","background-repeat":"repeat","background-position":"center center","background-size":"auto","background-attachment":"scroll","background-type":"","background-media":"","overlay-type":"","overlay-color":"","overlay-opacity":"","overlay-gradient":""}},"ast-content-background-meta":{"desktop":{"background-color":"var(--ast-global-color-5)","background-image":"","background-repeat":"repeat","background-position":"center center","background-size":"auto","background-attachment":"scroll","background-type":"","background-media":"","overlay-type":"","overlay-color":"","overlay-opacity":"","overlay-gradient":""},"tablet":{"background-color":"var(--ast-global-color-5)","background-image":"","background-repeat":"repeat","background-position":"center center","background-size":"auto","background-attachment":"scroll","background-type":"","background-media":"","overlay-type":"","overlay-color":"","overlay-opacity":"","overlay-gradient":""},"mobile":{"background-color":"var(--ast-global-color-5)","background-image":"","background-repeat":"repeat","background-position":"center center","background-size":"auto","background-attachment":"scroll","background-type":"","background-media":"","overlay-type":"","overlay-color":"","overlay-opacity":"","overlay-gradient":""}},"footnotes":""},"class_list":["post-555","page","type-page","status-publish","hentry"],"_links":{"self":[{"href":"https:\/\/colorsartclub.com\/en\/wp-json\/wp\/v2\/pages\/555"}],"collection":[{"href":"https:\/\/colorsartclub.com\/en\/wp-json\/wp\/v2\/pages"}],"about":[{"href":"https:\/\/colorsartclub.com\/en\/wp-json\/wp\/v2\/types\/page"}],"author":[{"embeddable":true,"href":"https:\/\/colorsartclub.com\/en\/wp-json\/wp\/v2\/users\/1"}],"replies":[{"embeddable":true,"href":"https:\/\/colorsartclub.com\/en\/wp-json\/wp\/v2\/comments?post=555"}],"version-history":[{"count":4,"href":"https:\/\/colorsartclub.com\/en\/wp-json\/wp\/v2\/pages\/555\/revisions"}],"predecessor-version":[{"id":617,"href":"https:\/\/colorsartclub.com\/en\/wp-json\/wp\/v2\/pages\/555\/revisions\/617"}],"wp:attachment":[{"href":"https:\/\/colorsartclub.com\/en\/wp-json\/wp\/v2\/media?parent=555"}],"curies":[{"name":"wp","href":"https:\/\/api.w.org\/{rel}","templated":true}]}}